{"id":478,"date":"2024-07-04T15:26:01","date_gmt":"2024-07-04T13:26:01","guid":{"rendered":"https:\/\/www.nexxt-talents.de\/nexxt-events\/"},"modified":"2025-07-08T11:55:43","modified_gmt":"2025-07-08T09:55:43","slug":"nexxt-events","status":"publish","type":"page","link":"https:\/\/www.nexxt-talents.de\/en\/nexxt-events\/","title":{"rendered":"Events"},"content":{"rendered":"[vc_row type=&#8221;full_width_background&#8221; full_screen_row_position=&#8221;middle&#8221; column_margin=&#8221;default&#8221; column_direction=&#8221;default&#8221; column_direction_tablet=&#8221;default&#8221; column_direction_phone=&#8221;default&#8221; bg_color=&#8221;#211a1d&#8221; scene_position=&#8221;center&#8221; top_padding=&#8221;8%&#8221; bottom_padding=&#8221;5%&#8221; text_color=&#8221;light&#8221; text_align=&#8221;left&#8221; row_border_radius=&#8221;none&#8221; row_border_radius_applies=&#8221;bg&#8221; overflow=&#8221;visible&#8221; overlay_strength=&#8221;0.3&#8243; gradient_direction=&#8221;left_to_right&#8221; shape_divider_position=&#8221;bottom&#8221; bg_image_animation=&#8221;none&#8221; gradient_type=&#8221;default&#8221; shape_type=&#8221;&#8221;][vc_column column_padding=&#8221;no-extra-padding&#8221; column_padding_tablet=&#8221;inherit&#8221; column_padding_phone=&#8221;inherit&#8221; column_padding_position=&#8221;all&#8221; column_element_direction_desktop=&#8221;default&#8221; column_element_spacing=&#8221;default&#8221; desktop_text_alignment=&#8221;default&#8221; tablet_text_alignment=&#8221;default&#8221; phone_text_alignment=&#8221;default&#8221; background_color_opacity=&#8221;1&#8243; background_hover_color_opacity=&#8221;1&#8243; column_backdrop_filter=&#8221;none&#8221; column_shadow=&#8221;none&#8221; column_border_radius=&#8221;none&#8221; column_link_target=&#8221;_self&#8221; column_position=&#8221;default&#8221; gradient_direction=&#8221;left_to_right&#8221; overlay_strength=&#8221;0.3&#8243; width=&#8221;1\/1&#8243; tablet_width_inherit=&#8221;default&#8221; animation_type=&#8221;default&#8221; bg_image_animation=&#8221;none&#8221; border_type=&#8221;simple&#8221; column_border_width=&#8221;none&#8221; column_border_style=&#8221;solid&#8221;][vc_custom_heading text=&#8221;Events&#8221; font_container=&#8221;tag:h1|text_align:left&#8221; use_theme_fonts=&#8221;yes&#8221; css=&#8221;&#8221;][vc_custom_heading text=&#8221;To take part, just drop by. No registration necessary!&#8221; font_container=&#8221;tag:p|font_size:1.5rem|text_align:left|line_height:1.25&#8243; use_theme_fonts=&#8221;yes&#8221; css=&#8221;&#8221;][nectar_cta btn_style=&#8221;underline&#8221; heading_tag=&#8221;p&#8221; button_color=&#8221;default&#8221; button_border_thickness=&#8221;0px&#8221; link_type=&#8221;new_tab&#8221; alignment=&#8221;left&#8221; alignment_tablet=&#8221;default&#8221; alignment_phone=&#8221;default&#8221; display=&#8221;block&#8221; display_tablet=&#8221;inherit&#8221; display_phone=&#8221;inherit&#8221; icon_family=&#8221;fontawesome&#8221; link_text=&#8221;Follow us on Instagram to get the latest updates&#8221; font_size_desktop=&#8221;1.1rem&#8221; icon_fontawesome=&#8221;fa fa-instagram&#8221; url=&#8221;https:\/\/instagram.com\/nexxttalents&#8221;][\/vc_column][\/vc_row][vc_row type=&#8221;in_container&#8221; full_screen_row_position=&#8221;middle&#8221; column_margin=&#8221;default&#8221; column_direction=&#8221;default&#8221; column_direction_tablet=&#8221;default&#8221; column_direction_phone=&#8221;default&#8221; scene_position=&#8221;center&#8221; top_padding=&#8221;80&#8243; constrain_group_1=&#8221;yes&#8221; bottom_padding=&#8221;80&#8243; text_color=&#8221;dark&#8221; text_align=&#8221;left&#8221; row_border_radius=&#8221;none&#8221; row_border_radius_applies=&#8221;bg&#8221; overflow=&#8221;visible&#8221; id=&#8221;dates&#8221; overlay_strength=&#8221;0.3&#8243; gradient_direction=&#8221;left_to_right&#8221; shape_divider_position=&#8221;bottom&#8221; bg_image_animation=&#8221;none&#8221; gradient_type=&#8221;default&#8221; shape_type=&#8221;&#8221;][vc_column column_padding=&#8221;no-extra-padding&#8221; column_padding_tablet=&#8221;inherit&#8221; column_padding_phone=&#8221;inherit&#8221; column_padding_position=&#8221;all&#8221; column_element_direction_desktop=&#8221;default&#8221; column_element_spacing=&#8221;default&#8221; desktop_text_alignment=&#8221;default&#8221; tablet_text_alignment=&#8221;default&#8221; phone_text_alignment=&#8221;default&#8221; background_color_opacity=&#8221;1&#8243; background_hover_color_opacity=&#8221;1&#8243; column_backdrop_filter=&#8221;none&#8221; column_shadow=&#8221;none&#8221; column_border_radius=&#8221;none&#8221; column_link_target=&#8221;_self&#8221; column_position=&#8221;default&#8221; gradient_direction=&#8221;left_to_right&#8221; overlay_strength=&#8221;0.3&#8243; width=&#8221;1\/1&#8243; tablet_width_inherit=&#8221;default&#8221; animation_type=&#8221;default&#8221; bg_image_animation=&#8221;none&#8221; border_type=&#8221;simple&#8221; column_border_width=&#8221;none&#8221; column_border_style=&#8221;solid&#8221;][vc_column_text css=&#8221;&#8221; text_direction=&#8221;default&#8221;]<div sclass=\"row_col_wrap_12 col span_12\">\n\n<div id=\"wpv-view-layout-495\" class=\"js-wpv-view-layout js-wpv-layout-responsive js-wpv-view-layout-495\" data-viewnumber=\"495\" data-pagination=\"{&quot;id&quot;:495,&quot;query&quot;:&quot;normal&quot;,&quot;type&quot;:&quot;paged&quot;,&quot;effect&quot;:&quot;fade&quot;,&quot;duration&quot;:500,&quot;speed&quot;:5,&quot;pause_on_hover&quot;:&quot;disabled&quot;,&quot;stop_rollover&quot;:&quot;false&quot;,&quot;cache_pages&quot;:&quot;enabled&quot;,&quot;preload_images&quot;:&quot;enabled&quot;,&quot;preload_pages&quot;:&quot;enabled&quot;,&quot;preload_reach&quot;:&quot;1&quot;,&quot;spinner&quot;:&quot;builtin&quot;,&quot;spinner_image&quot;:&quot;https:\/\/www.nexxt-talents.de\/wp-content\/plugins\/wp-views\/embedded\/res\/img\/ajax-loader.gif&quot;,&quot;callback_next&quot;:&quot;&quot;,&quot;manage_history&quot;:&quot;enabled&quot;,&quot;has_controls_in_form&quot;:&quot;disabled&quot;,&quot;infinite_tolerance&quot;:&quot;0&quot;,&quot;max_pages&quot;:1,&quot;page&quot;:1,&quot;base_permalink&quot;:&quot;\/en\/wp-json\/wp\/v2\/pages\/478?wpv_view_count=495&amp;wpv_paged=WPV_PAGE_NUM&quot;,&quot;loop&quot;:{&quot;type&quot;:&quot;&quot;,&quot;name&quot;:&quot;&quot;,&quot;data&quot;:[],&quot;id&quot;:0}}\" data-permalink=\"\/en\/wp-json\/wp\/v2\/pages\/478?wpv_view_count=495\">\n\n\t\n\t\n\t\n\t\t<div class=\"row\">\n  <div class=\"col span_2\">\n    <span><i class=\"fa fa-calendar\"><\/i>&ensp;27. Sep &#39;25<\/span><br \/>\n    <span><i class=\"fa fa-clock\"><\/i>&ensp;14:00 o&#8217;clock<\/span><br \/>\n    <span><i class=\"fa fa-hourglass-start\"><\/i>&ensp;2 Hours<\/span>\n  <\/div>\n  <div class=\"col span_6\">\n    <h4 class=\"event-title\">One Court, Many Culture<\/h4>\n    <span style=\"opacity:.7;\"><p data-start=\"50\" data-end=\"337\">Im Rahmen der Interkulturellen Woche der Stadt G\u00f6ttingen laden wir herzlich zum Interkulturellen Sport- und Begegnungsfest ein.<br data-start=\"185\" data-end=\"188\" \/>Gemeinsam mit den Bewohner:innen der Gefl\u00fcchtetenunterkunft wird ein abwechslungsreiches Programm gestaltet, das Begegnung und Miteinander f\u00f6rdert.<br \/>\nFreut euch auf verschiedene Sportstationen rund um das Volksbank Basketballabzeichen sowie kleine Goodies f\u00fcr die Teilnehmenden.<br \/>\nEin gro\u00dfes Dankesch\u00f6n gilt der Volksbank Kassel f\u00fcr die Unterst\u00fctzung dieser Veranstaltung.<\/p>\n<\/span>\n  <\/div>\n  <div class=\"col span_4\">\n    <span><strong>Freilufthalle hinter dem Wohngeb\u00e4ude Bonveno<\/strong><\/span><br \/>\n    <span>Hanna-Vogt-Str. 10<\/span><br \/>\n    <span>37085 G\u00f6ttingen<\/span>\n  <\/div>\n<\/div>\n\n        <div class=\"divider-wrap\" data-alignment=\"default\">\n          <div style=\"margin-top: 12.5px; height: 1px; margin-bottom: 12.5px; transform: scale(1); visibility: visible;\" data-width=\"100%\" data-animate=\"yes\" data-animation-delay=\"\" data-color=\"accent-color\" class=\"divider-border completed\"><\/div>\n        <\/div>\n\t\t\n\t\n\t\t<div class=\"row\">\n  <div class=\"col span_2\">\n    <span><i class=\"fa fa-calendar\"><\/i>&ensp;15. Aug &#39;25<\/span><br \/>\n    <span><i class=\"fa fa-clock\"><\/i>&ensp;14:00 o&#8217;clock<\/span><br \/>\n    <span><i class=\"fa fa-hourglass-start\"><\/i>&ensp;5 Hours<\/span>\n  <\/div>\n  <div class=\"col span_6\">\n    <h4 class=\"event-title\">Maschseefest 2025<\/h4>\n    <span style=\"opacity:.7;\"><p data-start=\"115\" data-end=\"482\">From August 15 to 17, we\u2019ll be part of the children\u2019s area in Hanover with an interactive sports program. Kids and teens can look forward to exciting basketball and handball activities \u2013 together with real professional players who will join the fun and sign autographs.<br data-start=\"434\" data-end=\"437\" \/>The program is free of charge and open to everyone!<\/p>\n<\/span>\n  <\/div>\n  <div class=\"col span_4\">\n    <span><strong>Maschseefest - Kinderwiese<\/strong><\/span><br \/>\n    <span>Robert-Enke-Str. 1<\/span><br \/>\n    <span>30169 Hanover<\/span>\n  <\/div>\n<\/div>\n\n        <div class=\"divider-wrap\" data-alignment=\"default\">\n          <div style=\"margin-top: 12.5px; height: 1px; margin-bottom: 12.5px; transform: scale(1); visibility: visible;\" data-width=\"100%\" data-animate=\"yes\" data-animation-delay=\"\" data-color=\"accent-color\" class=\"divider-border completed\"><\/div>\n        <\/div>\n\t\t\n\t\n\t\t<div class=\"row\">\n  <div class=\"col span_2\">\n    <span><i class=\"fa fa-calendar\"><\/i>&ensp;15. Jun &#39;25<\/span><br \/>\n    <span><i class=\"fa fa-clock\"><\/i>&ensp;11:00 o&#8217;clock<\/span><br \/>\n    <span><i class=\"fa fa-hourglass-start\"><\/i>&ensp;3 Hours<\/span>\n  <\/div>\n  <div class=\"col span_6\">\n    <h4 class=\"event-title\">Basketball Shooting Contest<\/h4>\n    <span style=\"opacity:.7;\"><p>Step up, take your shot, and show us how many hoops you can hit!<br data-start=\"144\" data-end=\"147\" \/>Every basket brings you closer to victory \u2013 let\u2019s see what you\u2019ve got! \ud83c\udfc0<\/p>\n<\/span>\n  <\/div>\n  <div class=\"col span_4\">\n    <span><strong>Wilhelm-Bracke-Gesamtschule<\/strong><\/span><br \/>\n    <span>Rheinring 12<\/span><br \/>\n    <span>38120 Brunswick<\/span>\n  <\/div>\n<\/div>\n\n        <div class=\"divider-wrap\" data-alignment=\"default\">\n          <div style=\"margin-top: 12.5px; height: 1px; margin-bottom: 12.5px; transform: scale(1); visibility: visible;\" data-width=\"100%\" data-animate=\"yes\" data-animation-delay=\"\" data-color=\"accent-color\" class=\"divider-border completed\"><\/div>\n        <\/div>\n\t\t\n\t\n\t\t<div class=\"row\">\n  <div class=\"col span_2\">\n    <span><i class=\"fa fa-calendar\"><\/i>&ensp;23. Mar &#39;25<\/span><br \/>\n    <span><i class=\"fa fa-clock\"><\/i>&ensp;11:00 o&#8217;clock<\/span><br \/>\n    <span><i class=\"fa fa-hourglass-start\"><\/i>&ensp;3 Hours<\/span>\n  <\/div>\n  <div class=\"col span_6\">\n    <h4 class=\"event-title\">Wurfchallenge<\/h4>\n    <span style=\"opacity:.7;\"><p>Trainiere mit Top-Coaches, feile an deinen Skills und stelle dich der Wurf-Challenge!<\/p>\n<\/span>\n  <\/div>\n  <div class=\"col span_4\">\n    <span><strong>IGS Wilhelm-Bracke<\/strong><\/span><br \/>\n    <span>Rheinring 12<\/span><br \/>\n    <span>38120 Braunschweig<\/span>\n  <\/div>\n<\/div>\n\n        <div class=\"divider-wrap\" data-alignment=\"default\">\n          <div style=\"margin-top: 12.5px; height: 1px; margin-bottom: 12.5px; transform: scale(1); visibility: visible;\" data-width=\"100%\" data-animate=\"yes\" data-animation-delay=\"\" data-color=\"accent-color\" class=\"divider-border completed\"><\/div>\n        <\/div>\n\t\t\n\t\n\t\t<div class=\"row\">\n  <div class=\"col span_2\">\n    <span><i class=\"fa fa-calendar\"><\/i>&ensp;10. Nov &#39;24<\/span><br \/>\n    <span><i class=\"fa fa-clock\"><\/i>&ensp;10:00 o&#8217;clock<\/span><br \/>\n    <span><i class=\"fa fa-hourglass-start\"><\/i>&ensp;4 Hours<\/span>\n  <\/div>\n  <div class=\"col span_6\">\n    <h4 class=\"event-title\">Wurfchallenge<\/h4>\n    <span style=\"opacity:.7;\"><p>Offene Sporthalle der Vielfalt in der Astrid Lindgren Schule, Stadtteil Grone (Organisator: Stadt Sportbund).<\/p>\n<\/span>\n  <\/div>\n  <div class=\"col span_4\">\n    <span><strong>Astrid Lindgren Schule<\/strong><\/span><br \/>\n    <span>Backhausstra\u00dfe 14<\/span><br \/>\n    <span>37081 G\u00f6ttingen<\/span>\n  <\/div>\n<\/div>\n\n        <div class=\"divider-wrap\" data-alignment=\"default\">\n          <div style=\"margin-top: 12.5px; height: 1px; margin-bottom: 12.5px; transform: scale(1); visibility: visible;\" data-width=\"100%\" data-animate=\"yes\" data-animation-delay=\"\" data-color=\"accent-color\" class=\"divider-border completed\"><\/div>\n        <\/div>\n\t\t\n\t\n\t\t<div class=\"row\">\n  <div class=\"col span_2\">\n    <span><i class=\"fa fa-calendar\"><\/i>&ensp;29. Sep &#39;24<\/span><br \/>\n    <span><i class=\"fa fa-clock\"><\/i>&ensp;13:00 o&#8217;clock<\/span><br \/>\n    <span><i class=\"fa fa-hourglass-start\"><\/i>&ensp;1 Hours<\/span>\n  <\/div>\n  <div class=\"col span_6\">\n    <h4 class=\"event-title\">Kick-Off-Veranstaltung<\/h4>\n    <span style=\"opacity:.7;\"><p>Auftaktveranstaltung mit eigenem Stand und sportlichen Aktivit\u00e4ten<\/p>\n<\/span>\n  <\/div>\n  <div class=\"col span_4\">\n    <span><strong>Trendsport<\/strong><\/span><br \/>\n    <span>Schlossplatz<\/span><br \/>\n    <span> Braunschweig<\/span>\n  <\/div>\n<\/div>\n\n        <div class=\"divider-wrap\" data-alignment=\"default\">\n          <div style=\"margin-top: 12.5px; height: 1px; margin-bottom: 12.5px; transform: scale(1); visibility: visible;\" data-width=\"100%\" data-animate=\"yes\" data-animation-delay=\"\" data-color=\"accent-color\" class=\"divider-border completed\"><\/div>\n        <\/div>\n\t\t\n\t\n\t\t<div class=\"row\">\n  <div class=\"col span_2\">\n    <span><i class=\"fa fa-calendar\"><\/i>&ensp;28. Sep &#39;24<\/span><br \/>\n    <span><i class=\"fa fa-clock\"><\/i>&ensp;11:00 o&#8217;clock<\/span><br \/>\n    <span><i class=\"fa fa-hourglass-start\"><\/i>&ensp;3 Hours<\/span>\n  <\/div>\n  <div class=\"col span_6\">\n    <h4 class=\"event-title\">Basketball Challenges<\/h4>\n    <span style=\"opacity:.7;\"><p>Sportangebot in der Freilufthalle im Rahmen der Interkulturellen Woche<\/p>\n<\/span>\n  <\/div>\n  <div class=\"col span_4\">\n    <span><strong>Freilufthalle Zietenterrassen<\/strong><\/span><br \/>\n    <span>Hannah-Vogt-Stra\u00dfe 5<\/span><br \/>\n    <span>37085 G\u00f6ttingen<\/span>\n  <\/div>\n<\/div>\n\n        <div class=\"divider-wrap\" data-alignment=\"default\">\n          <div style=\"margin-top: 12.5px; height: 1px; margin-bottom: 12.5px; transform: scale(1); visibility: visible;\" data-width=\"100%\" data-animate=\"yes\" data-animation-delay=\"\" data-color=\"accent-color\" class=\"divider-border completed\"><\/div>\n        <\/div>\n\t\t\n\t\n\t\n\t\n\t\n<\/div>\n\n<\/div>[\/vc_column_text][\/vc_column][\/vc_row][vc_row type=&#8221;full_width_content&#8221; full_screen_row_position=&#8221;middle&#8221; column_margin=&#8221;default&#8221; column_direction=&#8221;default&#8221; column_direction_tablet=&#8221;default&#8221; column_direction_phone=&#8221;default&#8221; scene_position=&#8221;center&#8221; text_color=&#8221;dark&#8221; text_align=&#8221;left&#8221; row_border_radius=&#8221;none&#8221; row_border_radius_applies=&#8221;bg&#8221; overflow=&#8221;visible&#8221; id=&#8221;blog&#8221; overlay_strength=&#8221;0.3&#8243; gradient_direction=&#8221;left_to_right&#8221; shape_divider_position=&#8221;bottom&#8221; bg_image_animation=&#8221;none&#8221; gradient_type=&#8221;default&#8221; shape_type=&#8221;&#8221;][vc_column column_padding=&#8221;no-extra-padding&#8221; column_padding_tablet=&#8221;inherit&#8221; column_padding_phone=&#8221;inherit&#8221; column_padding_position=&#8221;all&#8221; column_element_direction_desktop=&#8221;default&#8221; column_element_spacing=&#8221;default&#8221; desktop_text_alignment=&#8221;default&#8221; tablet_text_alignment=&#8221;default&#8221; phone_text_alignment=&#8221;default&#8221; background_color_opacity=&#8221;1&#8243; background_hover_color_opacity=&#8221;1&#8243; column_backdrop_filter=&#8221;none&#8221; column_shadow=&#8221;none&#8221; column_border_radius=&#8221;none&#8221; column_link_target=&#8221;_self&#8221; column_position=&#8221;default&#8221; gradient_direction=&#8221;left_to_right&#8221; overlay_strength=&#8221;0.3&#8243; width=&#8221;1\/1&#8243; tablet_width_inherit=&#8221;default&#8221; animation_type=&#8221;default&#8221; bg_image_animation=&#8221;none&#8221; border_type=&#8221;simple&#8221; column_border_width=&#8221;none&#8221; column_border_style=&#8221;solid&#8221;][recent_posts style=&#8221;slider_multiple_visible&#8221; columns=&#8221;2&#8243; button_color=&#8221;Accent-Color&#8221; hover_shadow_type=&#8221;default&#8221; category=&#8221;all&#8221; order=&#8221;DESC&#8221; orderby=&#8221;date&#8221; image_loading=&#8221;default&#8221; blog_remove_post_author=&#8221;true&#8221; blog_remove_post_comment_number=&#8221;true&#8221; blog_remove_post_nectar_love=&#8221;true&#8221;][\/vc_column][\/vc_row]\n","protected":false},"excerpt":{"rendered":"<p>[vc_row type=&#8221;full_width_background&#8221; full_screen_row_position=&#8221;middle&#8221; column_margin=&#8221;default&#8221; column_direction=&#8221;default&#8221; column_direction_tablet=&#8221;default&#8221; column_direction_phone=&#8221;default&#8221; bg_color=&#8221;#211a1d&#8221; scene_position=&#8221;center&#8221; top_padding=&#8221;8%&#8221; bottom_padding=&#8221;5%&#8221; text_color=&#8221;light&#8221; text_align=&#8221;left&#8221; row_border_radius=&#8221;none&#8221; row_border_radius_applies=&#8221;bg&#8221; overflow=&#8221;visible&#8221; overlay_strength=&#8221;0.3&#8243; gradient_direction=&#8221;left_to_right&#8221; shape_divider_position=&#8221;bottom&#8221; bg_image_animation=&#8221;none&#8221; gradient_type=&#8221;default&#8221; shape_type=&#8221;&#8221;][vc_column column_padding=&#8221;no-extra-padding&#8221; column_padding_tablet=&#8221;inherit&#8221; column_padding_phone=&#8221;inherit&#8221; column_padding_position=&#8221;all&#8221; column_element_direction_desktop=&#8221;default&#8221; column_element_spacing=&#8221;default&#8221; desktop_text_alignment=&#8221;default&#8221; tablet_text_alignment=&#8221;default&#8221;&#8230;<\/p>\n","protected":false},"author":1,"featured_media":0,"parent":0,"menu_order":0,"comment_status":"closed","ping_status":"closed","template":"","meta":{"inline_featured_image":false,"footnotes":""},"class_list":["post-478","page","type-page","status-publish"],"yoast_head":"<!-- This site is optimized with the Yoast SEO plugin v25.4 - https:\/\/yoast.com\/wordpress\/plugins\/seo\/ -->\n<title>Events &#8212; NEXXT TALENTS<\/title>\n<meta name=\"description\" content=\"Hier findest du eine \u00dcbersicht aller Events. Um teilzunehmen komm einfach vorbei. Keine Anmeldung n\u00f6tig!\" \/>\n<meta name=\"robots\" content=\"index, follow, max-snippet:-1, max-image-preview:large, max-video-preview:-1\" \/>\n<link rel=\"canonical\" href=\"https:\/\/www.nexxt-talents.de\/en\/nexxt-events\/\" \/>\n<meta property=\"og:locale\" content=\"en_US\" \/>\n<meta property=\"og:type\" content=\"article\" \/>\n<meta property=\"og:title\" content=\"Events &#8212; NEXXT TALENTS\" \/>\n<meta property=\"og:description\" content=\"Hier findest du eine \u00dcbersicht aller Events. Um teilzunehmen komm einfach vorbei. Keine Anmeldung n\u00f6tig!\" \/>\n<meta property=\"og:url\" content=\"https:\/\/www.nexxt-talents.de\/en\/nexxt-events\/\" \/>\n<meta property=\"og:site_name\" content=\"NEXXT TALENTS\" \/>\n<meta property=\"article:modified_time\" content=\"2025-07-08T09:55:43+00:00\" \/>\n<meta name=\"twitter:card\" content=\"summary_large_image\" \/>\n<meta name=\"twitter:label1\" content=\"Est. reading time\" \/>\n\t<meta name=\"twitter:data1\" content=\"1 minute\" \/>\n<script type=\"application\/ld+json\" class=\"yoast-schema-graph\">{\"@context\":\"https:\/\/schema.org\",\"@graph\":[{\"@type\":\"WebPage\",\"@id\":\"https:\/\/www.nexxt-talents.de\/en\/nexxt-events\/\",\"url\":\"https:\/\/www.nexxt-talents.de\/en\/nexxt-events\/\",\"name\":\"Events &#8212; NEXXT TALENTS\",\"isPartOf\":{\"@id\":\"https:\/\/www.nexxt-talents.de\/en\/#website\"},\"datePublished\":\"2024-07-04T13:26:01+00:00\",\"dateModified\":\"2025-07-08T09:55:43+00:00\",\"description\":\"Hier findest du eine \u00dcbersicht aller Events. Um teilzunehmen komm einfach vorbei. Keine Anmeldung n\u00f6tig!\",\"breadcrumb\":{\"@id\":\"https:\/\/www.nexxt-talents.de\/en\/nexxt-events\/#breadcrumb\"},\"inLanguage\":\"en-US\",\"potentialAction\":[{\"@type\":\"ReadAction\",\"target\":[\"https:\/\/www.nexxt-talents.de\/en\/nexxt-events\/\"]}]},{\"@type\":\"BreadcrumbList\",\"@id\":\"https:\/\/www.nexxt-talents.de\/en\/nexxt-events\/#breadcrumb\",\"itemListElement\":[{\"@type\":\"ListItem\",\"position\":1,\"name\":\"Startseite\",\"item\":\"https:\/\/www.nexxt-talents.de\/en\/\"},{\"@type\":\"ListItem\",\"position\":2,\"name\":\"Events\"}]},{\"@type\":\"WebSite\",\"@id\":\"https:\/\/www.nexxt-talents.de\/en\/#website\",\"url\":\"https:\/\/www.nexxt-talents.de\/en\/\",\"name\":\"NEXXT TALENTS\",\"description\":\"Spiele mit den Besten!\",\"publisher\":{\"@id\":\"https:\/\/www.nexxt-talents.de\/en\/#organization\"},\"potentialAction\":[{\"@type\":\"SearchAction\",\"target\":{\"@type\":\"EntryPoint\",\"urlTemplate\":\"https:\/\/www.nexxt-talents.de\/en\/?s={search_term_string}\"},\"query-input\":{\"@type\":\"PropertyValueSpecification\",\"valueRequired\":true,\"valueName\":\"search_term_string\"}}],\"inLanguage\":\"en-US\"},{\"@type\":\"Organization\",\"@id\":\"https:\/\/www.nexxt-talents.de\/en\/#organization\",\"name\":\"Nexxt Talents\",\"url\":\"https:\/\/www.nexxt-talents.de\/en\/\",\"logo\":{\"@type\":\"ImageObject\",\"inLanguage\":\"en-US\",\"@id\":\"https:\/\/www.nexxt-talents.de\/en\/#\/schema\/logo\/image\/\",\"url\":\"https:\/\/www.nexxt-talents.de\/wp-content\/uploads\/webicon.png\",\"contentUrl\":\"https:\/\/www.nexxt-talents.de\/wp-content\/uploads\/webicon.png\",\"width\":512,\"height\":512,\"caption\":\"Nexxt Talents\"},\"image\":{\"@id\":\"https:\/\/www.nexxt-talents.de\/en\/#\/schema\/logo\/image\/\"},\"sameAs\":[\"https:\/\/instagram.com\/nexxttalents\"]}]}<\/script>\n<!-- \/ Yoast SEO plugin. -->","yoast_head_json":{"title":"Events &#8212; NEXXT TALENTS","description":"Hier findest du eine \u00dcbersicht aller Events. Um teilzunehmen komm einfach vorbei. Keine Anmeldung n\u00f6tig!","robots":{"index":"index","follow":"follow","max-snippet":"max-snippet:-1","max-image-preview":"max-image-preview:large","max-video-preview":"max-video-preview:-1"},"canonical":"https:\/\/www.nexxt-talents.de\/en\/nexxt-events\/","og_locale":"en_US","og_type":"article","og_title":"Events &#8212; NEXXT TALENTS","og_description":"Hier findest du eine \u00dcbersicht aller Events. Um teilzunehmen komm einfach vorbei. Keine Anmeldung n\u00f6tig!","og_url":"https:\/\/www.nexxt-talents.de\/en\/nexxt-events\/","og_site_name":"NEXXT TALENTS","article_modified_time":"2025-07-08T09:55:43+00:00","twitter_card":"summary_large_image","twitter_misc":{"Est. reading time":"1 minute"},"schema":{"@context":"https:\/\/schema.org","@graph":[{"@type":"WebPage","@id":"https:\/\/www.nexxt-talents.de\/en\/nexxt-events\/","url":"https:\/\/www.nexxt-talents.de\/en\/nexxt-events\/","name":"Events &#8212; NEXXT TALENTS","isPartOf":{"@id":"https:\/\/www.nexxt-talents.de\/en\/#website"},"datePublished":"2024-07-04T13:26:01+00:00","dateModified":"2025-07-08T09:55:43+00:00","description":"Hier findest du eine \u00dcbersicht aller Events. Um teilzunehmen komm einfach vorbei. Keine Anmeldung n\u00f6tig!","breadcrumb":{"@id":"https:\/\/www.nexxt-talents.de\/en\/nexxt-events\/#breadcrumb"},"inLanguage":"en-US","potentialAction":[{"@type":"ReadAction","target":["https:\/\/www.nexxt-talents.de\/en\/nexxt-events\/"]}]},{"@type":"BreadcrumbList","@id":"https:\/\/www.nexxt-talents.de\/en\/nexxt-events\/#breadcrumb","itemListElement":[{"@type":"ListItem","position":1,"name":"Startseite","item":"https:\/\/www.nexxt-talents.de\/en\/"},{"@type":"ListItem","position":2,"name":"Events"}]},{"@type":"WebSite","@id":"https:\/\/www.nexxt-talents.de\/en\/#website","url":"https:\/\/www.nexxt-talents.de\/en\/","name":"NEXXT TALENTS","description":"Spiele mit den Besten!","publisher":{"@id":"https:\/\/www.nexxt-talents.de\/en\/#organization"},"potentialAction":[{"@type":"SearchAction","target":{"@type":"EntryPoint","urlTemplate":"https:\/\/www.nexxt-talents.de\/en\/?s={search_term_string}"},"query-input":{"@type":"PropertyValueSpecification","valueRequired":true,"valueName":"search_term_string"}}],"inLanguage":"en-US"},{"@type":"Organization","@id":"https:\/\/www.nexxt-talents.de\/en\/#organization","name":"Nexxt Talents","url":"https:\/\/www.nexxt-talents.de\/en\/","logo":{"@type":"ImageObject","inLanguage":"en-US","@id":"https:\/\/www.nexxt-talents.de\/en\/#\/schema\/logo\/image\/","url":"https:\/\/www.nexxt-talents.de\/wp-content\/uploads\/webicon.png","contentUrl":"https:\/\/www.nexxt-talents.de\/wp-content\/uploads\/webicon.png","width":512,"height":512,"caption":"Nexxt Talents"},"image":{"@id":"https:\/\/www.nexxt-talents.de\/en\/#\/schema\/logo\/image\/"},"sameAs":["https:\/\/instagram.com\/nexxttalents"]}]}},"_links":{"self":[{"href":"https:\/\/www.nexxt-talents.de\/en\/wp-json\/wp\/v2\/pages\/478","targetHints":{"allow":["GET"]}}],"collection":[{"href":"https:\/\/www.nexxt-talents.de\/en\/wp-json\/wp\/v2\/pages"}],"about":[{"href":"https:\/\/www.nexxt-talents.de\/en\/wp-json\/wp\/v2\/types\/page"}],"author":[{"embeddable":true,"href":"https:\/\/www.nexxt-talents.de\/en\/wp-json\/wp\/v2\/users\/1"}],"replies":[{"embeddable":true,"href":"https:\/\/www.nexxt-talents.de\/en\/wp-json\/wp\/v2\/comments?post=478"}],"version-history":[{"count":4,"href":"https:\/\/www.nexxt-talents.de\/en\/wp-json\/wp\/v2\/pages\/478\/revisions"}],"predecessor-version":[{"id":498,"href":"https:\/\/www.nexxt-talents.de\/en\/wp-json\/wp\/v2\/pages\/478\/revisions\/498"}],"wp:attachment":[{"href":"https:\/\/www.nexxt-talents.de\/en\/wp-json\/wp\/v2\/media?parent=478"}],"curies":[{"name":"wp","href":"https:\/\/api.w.org\/{rel}","templated":true}]}}